{"id":11,"date":"2025-04-15T12:53:56","date_gmt":"2025-04-15T05:53:56","guid":{"rendered":"http:\/\/13wins.net\/?page_id=11"},"modified":"2025-04-15T13:59:05","modified_gmt":"2025-04-15T06:59:05","slug":"%e9%a6%96%e9%a1%b5","status":"publish","type":"page","link":"https:\/\/13wins.net\/","title":{"rendered":"\u9996\u9875"},"content":{"rendered":"\n<div class=\"wp-block-cover alignfull is-light\" style=\"min-height:720px;aspect-ratio:unset;\"><span aria-hidden=\"true\" class=\"wp-block-cover__background has-background-dim wp-block-cover__gradient-background has-background-gradient\" style=\"background-color:#e0b08e;background:linear-gradient(35deg,rgb(6,0,151) 0%,rgb(130,4,255) 73%,rgb(193,15,255) 100%)\"><\/span><img loading=\"lazy\" decoding=\"async\" width=\"1183\" height=\"708\" class=\"wp-block-cover__image-background wp-image-32\" alt=\"\" src=\"http:\/\/13wins.net\/wp-content\/uploads\/2025\/04\/1183x708.png\" data-object-fit=\"cover\" srcset=\"https:\/\/13wins.net\/wp-content\/uploads\/2025\/04\/1183x708.png 1183w, https:\/\/13wins.net\/wp-content\/uploads\/2025\/04\/1183x708-300x180.png 300w, https:\/\/13wins.net\/wp-content\/uploads\/2025\/04\/1183x708-1024x613.png 1024w, https:\/\/13wins.net\/wp-content\/uploads\/2025\/04\/1183x708-768x460.png 768w\" sizes=\"auto, (max-width: 1183px) 100vw, 1183px\" \/><div class=\"wp-block-cover__inner-container is-layout-flow wp-block-cover-is-layout-flow\">\n<div class=\"inherit-container-width wp-block-group alignwide is-layout-constrained wp-block-group-is-layout-constrained\">\n<div class=\"wp-block-media-text alignwide has-media-on-the-right is-stacked-on-mobile is-vertically-aligned-center\" style=\"grid-template-columns:auto 43%\"><div class=\"wp-block-media-text__content\">\n<h1 class=\"wp-block-heading has-text-align-left has-white-color has-text-color\">13win.com<\/h1>\n\n\n\n<p class=\"has-white-color has-text-color\">13WIN l\u00e0 m\u1ed9t trong nh\u1eefng nh\u00e0 c\u00e1i uy t\u00edn h\u00e0ng \u0111\u1ea7u trong l\u0129nh v\u1ef1c gi\u1ea3i tr\u00ed tr\u1ef1c tuy\u1ebfn, s\u1edf h\u1eefu h\u01a1n m\u1ed9t th\u1eadp k\u1ef7 kinh nghi\u1ec7m ho\u1ea1t \u0111\u1ed9ng trong m\u1ea3ng casino online. V\u1edbi cam k\u1ebft \u0111em l\u1ea1i tr\u1ea3i nghi\u1ec7m ch\u01a1i game \u0111\u1ec9nh cao, 13WIN t\u1ef1 h\u00e0o kh\u1eb3ng \u0111\u1ecbnh v\u1ecb th\u1ebf l\u00e0 \u201cnh\u00e0 c\u00e1i xanh ch\u00edn\u201d tr\u00ean th\u1ecb tr\u01b0\u1eddng hi\u1ec7n nay nh\u1edd v\u00e0o s\u1ef1 chuy\u00ean nghi\u1ec7p, b\u1ec1n v\u1eefng v\u00e0 d\u1ecbch v\u1ee5 kh\u00e1ch h\u00e0ng t\u1eadn t\u00e2m..<\/p>\n\n\n\n<div class=\"wp-block-buttons is-layout-flex wp-block-buttons-is-layout-flex\">\n<div class=\"wp-block-button\"><a class=\"wp-block-button__link wp-element-button\" href=\"#\">\u0110\u0103ng k\u00fd ngay<\/a><\/div>\n<\/div>\n<\/div><figure class=\"wp-block-media-text__media\"><img loading=\"lazy\" decoding=\"async\" width=\"512\" height=\"512\" src=\"http:\/\/13wins.net\/wp-content\/uploads\/2025\/04\/\u684c\u9762\u5feb\u6377\u65b9\u5f0f512x512px.png\" alt=\"\" class=\"wp-image-34 size-full\" srcset=\"https:\/\/13wins.net\/wp-content\/uploads\/2025\/04\/\u684c\u9762\u5feb\u6377\u65b9\u5f0f512x512px.png 512w, https:\/\/13wins.net\/wp-content\/uploads\/2025\/04\/\u684c\u9762\u5feb\u6377\u65b9\u5f0f512x512px-300x300.png 300w, https:\/\/13wins.net\/wp-content\/uploads\/2025\/04\/\u684c\u9762\u5feb\u6377\u65b9\u5f0f512x512px-150x150.png 150w\" sizes=\"auto, (max-width: 512px) 100vw, 512px\" \/><\/figure><\/div>\n<\/div>\n<\/div><\/div>\n\n\n\n<div class=\"wp-block-group alignfull has-ast-global-color-5-background-color has-background is-layout-constrained wp-container-core-group-is-layout-9cedb757 wp-block-group-is-layout-constrained\" style=\"padding-bottom:0px\">\n<div class=\"wp-block-columns are-vertically-aligned-top is-layout-flex wp-container-core-columns-is-layout-00723822 wp-block-columns-is-layout-flex\">\n<div class=\"wp-block-column is-vertically-aligned-top is-layout-flow wp-container-core-column-is-layout-6b73ce23 wp-block-column-is-layout-flow\">\n<figure class=\"wp-block-image size-large\"><img decoding=\"async\" src=\"http:\/\/13wins.net\/wp-content\/themes\/astra\/inc\/assets\/images\/starter-content\/building.svg\" alt=\"\" class=\"wp-image-134\"\/><\/figure>\n\n\n\n<h3 class=\"wp-block-heading has-text-align-left\" style=\"margin-top:16px\">Th\u01b0\u01a1ng Hi\u1ec7u To\u00e0n C\u1ea7u<\/h3>\n\n\n\n<p class=\"has-text-align-left\">13Win l\u00e0 th\u01b0\u01a1ng hi\u1ec7u nh\u00e0 c\u00e1i tr\u1ef1c tuy\u1ebfn uy t\u00edn v\u1edbi ch\u1ee7 s\u1edf h\u1eefu l\u00e0 th\u01b0\u01a1ng hi\u1ec7u to\u00e0n c\u1ea7u, d\u1eabn \u0111\u1ea7u trong ng\u00e0nh Gambling.<\/p>\n<\/div>\n\n\n\n<div class=\"wp-block-column is-vertically-aligned-top is-layout-flow wp-container-core-column-is-layout-6b73ce23 wp-block-column-is-layout-flow\">\n<figure class=\"wp-block-image size-large\"><img decoding=\"async\" src=\"http:\/\/13wins.net\/wp-content\/themes\/astra\/inc\/assets\/images\/starter-content\/shopping-bag.svg\" alt=\"\" class=\"wp-image-135\"\/><\/figure>\n\n\n\n<h3 class=\"wp-block-heading has-text-align-left\" style=\"margin-top:16px\">Giao D\u1ecbch Nhanh Ch\u00f3ng<\/h3>\n\n\n\n<p class=\"has-text-align-left\">Nh\u00e0 c\u00e1i 13Win t\u1ef1 h\u00e0o l\u00e0 th\u01b0\u01a1ng hi\u1ec7u c\u00e1 c\u01b0\u1ee3c tr\u1ef1c tuy\u1ebfn c\u00f3 thanh kho\u1ea3n cao. M\u1ecdi giao d\u1ecbch n\u1ea1p r\u00fat \u0111\u1ec1u th\u1ef1c hi\u1ec7n nhanh ch\u00f3ng.<\/p>\n<\/div>\n\n\n\n<div class=\"wp-block-column is-vertically-aligned-top is-layout-flow wp-container-core-column-is-layout-6b73ce23 wp-block-column-is-layout-flow\">\n<figure class=\"wp-block-image size-large\"><img decoding=\"async\" src=\"http:\/\/13wins.net\/wp-content\/themes\/astra\/inc\/assets\/images\/starter-content\/blog.svg\" alt=\"\" class=\"wp-image-136\"\/><\/figure>\n\n\n\n<h3 class=\"wp-block-heading has-text-align-left\" style=\"margin-top:16px\">B\u1ea3o M\u1eadt H\u00e0ng \u0110\u1ea7u<\/h3>\n\n\n\n<p class=\"has-text-align-left\">T\u00ednh b\u1ea3o m\u1eadt v\u00e0 an to\u00e0n th\u00f4ng tin lu\u00f4n l\u00e0 \u01b0u ti\u00ean h\u00e0ng \u0111\u1ea7u t\u1ea1i 13Win \u2013 \u0110\u1ea3m b\u1ea3o lu\u00f4n l\u00e0 s\u1ef1 l\u1ef1a ch\u1ecdn t\u1ed1t nh\u1ea5t v\u1ec1 t\u00ednh b\u1ea3o m\u1eadt cho ng\u01b0\u1eddi d\u00f9ng.<\/p>\n<\/div>\n\n\n\n<div class=\"wp-block-column is-vertically-aligned-top is-layout-flow wp-container-core-column-is-layout-6b73ce23 wp-block-column-is-layout-flow\">\n<figure class=\"wp-block-image size-large\"><img decoding=\"async\" src=\"http:\/\/13wins.net\/wp-content\/themes\/astra\/inc\/assets\/images\/starter-content\/portfolio.svg\" alt=\"\" class=\"wp-image-137\"\/><\/figure>\n\n\n\n<h3 class=\"wp-block-heading has-text-align-left\" style=\"margin-top:16px\">Kho Game \u0110a D\u1ea1ng<\/h3>\n\n\n\n<p class=\"has-text-align-left\">13Win h\u1ee3p t\u00e1c v\u1edbi c\u00e1c \u0111\u01a1n v\u1ecb cung c\u1ea5p game tr\u1ef1c tuy\u1ebfn c\u00f9ng c\u00e1c s\u1ea3nh c\u01b0\u1ee3c h\u00e0ng \u0111\u1ea7u, mang \u0111\u1ebfn \u0111a d\u1ea1ng s\u1ef1 l\u1ef1a ch\u1ecdn c\u00e1 c\u01b0\u1ee3c cho ng\u01b0\u1eddi ch\u01a1i.<\/p>\n<\/div>\n<\/div>\n<\/div>\n\n\n\n<div class=\"wp-block-group alignfull has-ast-global-color-5-background-color has-background is-layout-constrained wp-container-core-group-is-layout-94d206d0 wp-block-group-is-layout-constrained\" id=\"about\" style=\"padding-top:143px;padding-bottom:144px\">\n<div class=\"wp-block-media-text has-media-on-the-right is-stacked-on-mobile is-vertically-aligned-center\"><div class=\"wp-block-media-text__content\">\n<div class=\"inherit-container-width wp-block-group is-layout-constrained wp-container-core-group-is-layout-47ce07ec wp-block-group-is-layout-constrained\" style=\"padding-right:80px\">\n<h2 class=\"wp-block-heading\" style=\"padding-right:40px\">S\u00f2ng b\u1ea1c tr\u1ef1c tuy\u1ebfn t\u1ed1t nh\u1ea5t<\/h2>\n\n\n\n<p>Game b\u00e0i: H\u1ec7 th\u1ed1ng game b\u00e0i t\u1ea1i 13WIN \u0111a d\u1ea1ng t\u1eeb c\u00e1c tr\u00f2 ch\u01a1i kinh \u0111i\u1ec3n \u0111\u1ebfn nh\u1eefng phi\u00ean b\u1ea3n hi\u1ec7n \u0111\u1ea1i, mang l\u1ea1i s\u1ef1 k\u1ecbch t\u00ednh v\u00e0 th\u00e1ch th\u1ee9c cho ng\u01b0\u1eddi ch\u01a1i.<\/p>\n\n\n\n<p>X\u1ed5 s\u1ed1: V\u1edbi c\u00e1c ch\u01b0\u01a1ng tr\u00ecnh x\u1ed5 s\u1ed1 \u0111\u1ea7y l\u00f4i cu\u1ed1n, nh\u00e0 c\u00e1i mang \u0111\u1ebfn c\u01a1 h\u1ed9i nh\u1eadn nh\u1eefng gi\u1ea3i th\u01b0\u1edfng gi\u00e1 tr\u1ecb c\u00f9ng v\u1edbi nh\u1eefng khuy\u1ebfn m\u00e3i h\u1ea5p d\u1eabn.<br>Live casino: Tr\u1ea3i nghi\u1ec7m s\u00f2ng b\u1ea1c tr\u1ef1c tuy\u1ebfn s\u1ed1ng \u0111\u1ed9ng v\u1edbi d\u1ecbch v\u1ee5 live casino chuy\u00ean nghi\u1ec7p, n\u01a1i b\u1ea1n c\u00f3 th\u1ec3 t\u01b0\u01a1ng t\u00e1c tr\u1ef1c ti\u1ebfp v\u1edbi ng\u01b0\u1eddi chia b\u00e0i v\u00e0 h\u00f2a m\u00ecnh v\u00e0o kh\u00f4ng gian gi\u1ea3i tr\u00ed s\u00f4i \u0111\u1ed9ng.<\/p>\n<\/div>\n<\/div><figure class=\"wp-block-media-text__media\"><img loading=\"lazy\" decoding=\"async\" width=\"1024\" height=\"613\" src=\"http:\/\/13wins.net\/wp-content\/uploads\/2025\/04\/1183x708-1024x613.png\" alt=\"\" class=\"wp-image-32 size-full\" srcset=\"https:\/\/13wins.net\/wp-content\/uploads\/2025\/04\/1183x708-1024x613.png 1024w, https:\/\/13wins.net\/wp-content\/uploads\/2025\/04\/1183x708-300x180.png 300w, https:\/\/13wins.net\/wp-content\/uploads\/2025\/04\/1183x708-768x460.png 768w, https:\/\/13wins.net\/wp-content\/uploads\/2025\/04\/1183x708.png 1183w\" sizes=\"auto, (max-width: 1024px) 100vw, 1024px\" \/><\/figure><\/div>\n<\/div>\n\n\n\n<div class=\"wp-block-group alignfull has-ast-global-color-4-background-color has-background is-layout-constrained wp-container-core-group-is-layout-6a2cfb7b wp-block-group-is-layout-constrained\" id=\"reviews\">\n<figure class=\"wp-block-image aligncenter size-full is-resized\"><img loading=\"lazy\" decoding=\"async\" width=\"512\" height=\"512\" src=\"http:\/\/13wins.net\/wp-content\/uploads\/2025\/04\/cropped-\u684c\u9762\u5feb\u6377\u65b9\u5f0f512x512px.png\" alt=\"\" class=\"wp-image-35\" style=\"width:70px;height:auto\" srcset=\"https:\/\/13wins.net\/wp-content\/uploads\/2025\/04\/cropped-\u684c\u9762\u5feb\u6377\u65b9\u5f0f512x512px.png 512w, https:\/\/13wins.net\/wp-content\/uploads\/2025\/04\/cropped-\u684c\u9762\u5feb\u6377\u65b9\u5f0f512x512px-300x300.png 300w, https:\/\/13wins.net\/wp-content\/uploads\/2025\/04\/cropped-\u684c\u9762\u5feb\u6377\u65b9\u5f0f512x512px-150x150.png 150w, https:\/\/13wins.net\/wp-content\/uploads\/2025\/04\/cropped-\u684c\u9762\u5feb\u6377\u65b9\u5f0f512x512px-270x270.png 270w, https:\/\/13wins.net\/wp-content\/uploads\/2025\/04\/cropped-\u684c\u9762\u5feb\u6377\u65b9\u5f0f512x512px-192x192.png 192w, https:\/\/13wins.net\/wp-content\/uploads\/2025\/04\/cropped-\u684c\u9762\u5feb\u6377\u65b9\u5f0f512x512px-180x180.png 180w, https:\/\/13wins.net\/wp-content\/uploads\/2025\/04\/cropped-\u684c\u9762\u5feb\u6377\u65b9\u5f0f512x512px-32x32.png 32w\" sizes=\"auto, (max-width: 512px) 100vw, 512px\" \/><\/figure>\n\n\n\n<p class=\"has-text-align-center\" style=\"font-size:22px;line-height:1.6\">\u201cB\u00ean c\u1ea1nh ch\u1ea5t l\u01b0\u1ee3ng tr\u00f2 ch\u01a1i v\u01b0\u1ee3t tr\u1ed9i, 13WIN c\u00f2n \u0111\u01b0\u1ee3c \u0111\u00e1nh gi\u00e1 cao nh\u1edd h\u1ec7 th\u1ed1ng b\u1ea3o m\u1eadt nghi\u00eam ng\u1eb7t v\u00e0 giao di\u1ec7n th\u00e2n thi\u1ec7n, gi\u00fap ng\u01b0\u1eddi ch\u01a1i y\u00ean t\u00e2m t\u1eadn h\u01b0\u1edfng nh\u1eefng ph\u00fat gi\u00e2y gi\u1ea3i tr\u00ed \u0111\u1eb3ng c\u1ea5p. H\u00e3y tham gia ngay \u0111\u1ec3 c\u1ea3m nh\u1eadn s\u1ef1 kh\u00e1c bi\u1ec7t v\u00e0 nh\u1eadn \u0111\u01b0\u1ee3c nh\u1eefng \u01b0u \u0111\u00e3i \u0111\u1eb7c bi\u1ec7t m\u00e0 nh\u00e0 c\u00e1i n\u00e0y d\u00e0nh ri\u00eang cho b\u1ea1n.\u201d<\/p>\n\n\n\n<p class=\"has-text-align-center\"><strong>Welcome<\/strong><\/p>\n<\/div>\n\n\n\n<div class=\"wp-block-group alignfull has-background is-layout-constrained wp-container-core-group-is-layout-cfcca693 wp-block-group-is-layout-constrained\" id=\"contact\" style=\"background:linear-gradient(35deg,rgb(6,0,151) 0%,rgb(130,4,255) 64%,rgb(193,15,255) 98%);padding-top:104px;padding-bottom:104px\">\n<h2 class=\"wp-block-heading has-text-align-center has-text-color\" style=\"color:#ffffff\">\u0110\u0103ng k\u00fd v\u00e0 nh\u1eadn 60,000 VND!<\/h2>\n\n\n\n<div class=\"wp-block-buttons alignwide is-horizontal is-content-justification-center is-layout-flex wp-container-core-buttons-is-layout-bba8380a wp-block-buttons-is-layout-flex\" style=\"margin-top:50px\">\n<div class=\"wp-block-button\"><a class=\"wp-block-button__link wp-element-button\">Nh\u1eadp \u0111\u1ec3 nh\u1eadn ti\u1ec1n m\u1eb7t<\/a><\/div>\n<\/div>\n<\/div>\n\n\n\n<p><\/p>\n","protected":false},"excerpt":{"rendered":"<p>Th\u01b0\u01a1ng Hi\u1ec7u To\u00e0n C\u1ea7u 13Win l\u00e0 th\u01b0\u01a1ng hi\u1ec7u nh\u00e0 c\u00e1i tr\u1ef1c tuy\u1ebfn uy t\u00edn v\u1edbi ch\u1ee7 s\u1edf h\u1eefu l\u00e0 th\u01b0\u01a1ng [&hellip;]<\/p>\n","protected":false},"author":1,"featured_media":0,"parent":0,"menu_order":0,"comment_status":"closed","ping_status":"closed","template":"","meta":{"site-sidebar-layout":"no-sidebar","site-content-layout":"plain-container","ast-site-content-layout":"","site-content-style":"default","site-sidebar-style":"default","ast-global-header-display":"","ast-banner-title-visibility":"","ast-main-header-display":"","ast-hfb-above-header-display":"","ast-hfb-below-header-display":"","ast-hfb-mobile-header-display":"","site-post-title":"disabled","ast-breadcrumbs-content":"","ast-featured-img":"","footer-sml-layout":"","theme-transparent-header-meta":"enabled","adv-header-id-meta":"","stick-header-meta":"","header-above-stick-meta":"","header-main-stick-meta":"","header-below-stick-meta":"","astra-migrate-meta-layouts":"default","ast-page-background-enabled":"default","ast-page-background-meta":{"desktop":{"background-color":"var(--ast-global-color-5)","background-image":"","background-repeat":"repeat","background-position":"center center","background-size":"auto","background-attachment":"scroll","background-type":"","background-media":"","overlay-type":"","overlay-color":"","overlay-opacity":"","overlay-gradient":""},"tablet":{"background-color":"","background-image":"","background-repeat":"repeat","background-position":"center center","background-size":"auto","background-attachment":"scroll","background-type":"","background-media":"","overlay-type":"","overlay-color":"","overlay-opacity":"","overlay-gradient":""},"mobile":{"background-color":"","background-image":"","background-repeat":"repeat","background-position":"center center","background-size":"auto","background-attachment":"scroll","background-type":"","background-media":"","overlay-type":"","overlay-color":"","overlay-opacity":"","overlay-gradient":""}},"ast-content-background-meta":{"desktop":{"background-color":"var(--ast-global-color-4)","background-image":"","background-repeat":"repeat","background-position":"center center","background-size":"auto","background-attachment":"scroll","background-type":"","background-media":"","overlay-type":"","overlay-color":"","overlay-opacity":"","overlay-gradient":""},"tablet":{"background-color":"var(--ast-global-color-4)","background-image":"","background-repeat":"repeat","background-position":"center center","background-size":"auto","background-attachment":"scroll","background-type":"","background-media":"","overlay-type":"","overlay-color":"","overlay-opacity":"","overlay-gradient":""},"mobile":{"background-color":"var(--ast-global-color-4)","background-image":"","background-repeat":"repeat","background-position":"center center","background-size":"auto","background-attachment":"scroll","background-type":"","background-media":"","overlay-type":"","overlay-color":"","overlay-opacity":"","overlay-gradient":""}},"footnotes":""},"class_list":["post-11","page","type-page","status-publish","hentry"],"_links":{"self":[{"href":"https:\/\/13wins.net\/index.php\/wp-json\/wp\/v2\/pages\/11","targetHints":{"allow":["GET"]}}],"collection":[{"href":"https:\/\/13wins.net\/index.php\/wp-json\/wp\/v2\/pages"}],"about":[{"href":"https:\/\/13wins.net\/index.php\/wp-json\/wp\/v2\/types\/page"}],"author":[{"embeddable":true,"href":"https:\/\/13wins.net\/index.php\/wp-json\/wp\/v2\/users\/1"}],"replies":[{"embeddable":true,"href":"https:\/\/13wins.net\/index.php\/wp-json\/wp\/v2\/comments?post=11"}],"version-history":[{"count":6,"href":"https:\/\/13wins.net\/index.php\/wp-json\/wp\/v2\/pages\/11\/revisions"}],"predecessor-version":[{"id":47,"href":"https:\/\/13wins.net\/index.php\/wp-json\/wp\/v2\/pages\/11\/revisions\/47"}],"wp:attachment":[{"href":"https:\/\/13wins.net\/index.php\/wp-json\/wp\/v2\/media?parent=11"}],"curies":[{"name":"wp","href":"https:\/\/api.w.org\/{rel}","templated":true}]}}